{"id":87,"date":"2023-03-29T18:37:00","date_gmt":"2023-03-29T18:37:00","guid":{"rendered":"https:\/\/olivall.pt\/?page_id=87"},"modified":"2024-02-07T13:24:03","modified_gmt":"2024-02-07T13:24:03","slug":"olivall","status":"publish","type":"page","link":"https:\/\/olivall.pt\/en\/olivall\/","title":{"rendered":"Sobre N\u00f3s"},"content":{"rendered":"<div class=\"wp-block-group alignfull br-all__l is-vertical is-content-justification-center is-layout-flex wp-container-core-group-is-layout-18 wp-block-group-is-layout-flex\">\n<div class=\"wp-block-group alignfull is-layout-constrained wp-container-core-group-is-layout-17 wp-block-group-is-layout-constrained\">\n<div class=\"wp-block-group alignfull is-layout-constrained wp-container-core-group-is-layout-16 wp-block-group-is-layout-constrained\">\n<div class=\"wp-block-group alignfull is-layout-constrained wp-container-core-group-is-layout-15 wp-block-group-is-layout-constrained\">\n<div class=\"wp-block-group alignfull br-all__rounded-full is-vertical is-content-justification-center is-layout-flex wp-container-core-group-is-layout-14 wp-block-group-is-layout-flex\">\n<div class=\"wp-block-group alignfull is-layout-constrained wp-container-core-group-is-layout-12 wp-block-group-is-layout-constrained\" style=\"padding-top:var(--wp--preset--spacing--30);padding-right:var(--wp--preset--spacing--20);padding-bottom:var(--wp--preset--spacing--30);padding-left:var(--wp--preset--spacing--20)\">\n<div class=\"wp-block-group alignfull is-layout-constrained wp-block-group-is-layout-constrained\">\n<div class=\"wp-block-group alignfull is-layout-constrained wp-block-group-is-layout-constrained\">\n<div class=\"wp-block-group alignfull is-layout-constrained wp-block-group-is-layout-constrained\">\n<div class=\"wp-block-group alignfull br-all__l is-layout-constrained wp-container-core-group-is-layout-3 wp-block-group-is-layout-constrained\" style=\"padding-top:var(--wp--preset--spacing--50);padding-right:var(--wp--preset--spacing--60);padding-bottom:var(--wp--preset--spacing--50);padding-left:var(--wp--preset--spacing--60)\">\n<div class=\"wp-block-group alignfull is-layout-constrained wp-block-group-is-layout-constrained\">\n<div class=\"wp-block-group is-layout-constrained wp-block-group-is-layout-constrained\">\n<h4 id=\"wp-block-themeisle-blocks-advanced-heading-4f655a69\" class=\"wp-block-themeisle-blocks-advanced-heading wp-block-themeisle-blocks-advanced-heading-4f655a69\"><strong>* The story *<\/strong><\/h4>\n\n\n\n<p class=\"has-text-align-center\" style=\"padding-top:var(--wp--preset--spacing--30);padding-bottom:var(--wp--preset--spacing--30);font-size:1.3rem\">\"The same land that grows grapes can also grow olives.\"<\/p>\n\n\n\n<p class=\"has-text-align-left has-custom-cor-1-color has-text-color\" style=\"padding-top:var(--wp--preset--spacing--30);padding-bottom:var(--wp--preset--spacing--30);font-size:1.3rem\">Vineyards and olive groves two ancient cultivars that share the same <em>terroir<\/em>.<br>Wine tasting events are very common throughout the country, and olive oil is worthy of the same enthusiasm.<br>In Palmela, you can now also taste olive oil: wine tourism and olive oil tourism, showcasing the best that Portugal has to offer.<\/p>\n<\/div>\n<\/div>\n<\/div>\n<\/div>\n<\/div>\n\n\n\n<p><\/p>\n\n\n\n<h4 id=\"wp-block-themeisle-blocks-advanced-heading-4923ca81\" class=\"wp-block-themeisle-blocks-advanced-heading wp-block-themeisle-blocks-advanced-heading-4923ca81\"><strong>* The values *<\/strong><\/h4>\n\n\n\n<div class=\"wp-block-group is-layout-constrained wp-container-core-group-is-layout-6 wp-block-group-is-layout-constrained\">\n<p><\/p>\n\n\n\n<p class=\"has-text-color\" style=\"color:#9bb07a;padding-top:var(--wp--preset--spacing--30);padding-bottom:var(--wp--preset--spacing--30);font-size:1.3rem\"><strong>Authenticity<\/strong><\/p>\n\n\n\n<p class=\"has-foreground-color has-text-color\" style=\"color:#9bb07a;padding-top:var(--wp--preset--spacing--30);padding-bottom:var(--wp--preset--spacing--30);font-size:1.3rem\">Oliv'all values \u200b\u200bwhat is genuine.<br>We are passionate and committed to bringing you the authentic olive oil taste, the best that Portugal has to offer. <\/p>\n\n\n\n<p class=\"has-text-color\" style=\"color:#9bb07a;padding-top:var(--wp--preset--spacing--30);padding-bottom:var(--wp--preset--spacing--30);font-size:1.3rem\"><strong>Innovation<\/strong><\/p>\n\n\n\n<p class=\"has-custom-cor-1-color has-text-color pt__9\" style=\"color:#9bb07a;padding-top:var(--wp--preset--spacing--30);padding-bottom:var(--wp--preset--spacing--30);font-size:1.3rem\">Our enthusiasm for innovation is rooted in our respect for tradition. That\u2019s why we re constantly experimenting with new ways to make your olive oil experience even better.<\/p>\n\n\n\n<p class=\"has-text-color\" style=\"color:#9bb07a;padding-top:var(--wp--preset--spacing--30);padding-bottom:var(--wp--preset--spacing--30);font-size:1.3rem\"><strong>Sustainability<\/strong><\/p>\n\n\n\n<p class=\"has-custom-cor-1-color has-text-color\" style=\"color:#9bb07a;padding-top:var(--wp--preset--spacing--30);padding-bottom:var(--wp--preset--spacing--30);font-size:1.3rem\">We value the sustainability of olive groves, regions, traditions, products, and native varieties.<br>Oliv'all is proud to support projects that are aligned with environmental preservation and a healthy lifestyle.<\/p>\n\n\n\n<p><\/p>\n<\/div>\n<\/div>\n\n\n\n<div class=\"wp-block-group is-layout-constrained wp-container-core-group-is-layout-8 wp-block-group-is-layout-constrained\"><\/div>\n\n\n\n<div class=\"wp-block-group is-layout-constrained wp-block-group-is-layout-constrained\">\n<div id=\"wp-block-themeisle-blocks-advanced-columns-d87d87fb\" class=\"wp-block-themeisle-blocks-advanced-columns alignfull has-1-columns has-desktop-equal-layout has-tablet-equal-layout has-mobile-collapsedRows-layout has-vertical-center ticss-c00aadba\"><div class=\"wp-block-themeisle-blocks-advanced-columns-overlay\"><\/div><div class=\"innerblocks-wrap\">\n<div id=\"wp-block-themeisle-blocks-advanced-column-60dad16e\" class=\"wp-block-themeisle-blocks-advanced-column\">\n<div id=\"wp-block-themeisle-blocks-advanced-columns-d2e20cf0\" class=\"wp-block-themeisle-blocks-advanced-columns has-1-columns has-desktop-equal-layout has-tablet-equal-layout has-mobile-equal-layout has-vertical-center\"><div class=\"wp-block-themeisle-blocks-advanced-columns-overlay\"><\/div><div class=\"innerblocks-wrap\">\n<div id=\"wp-block-themeisle-blocks-advanced-column-112ac9d7\" class=\"wp-block-themeisle-blocks-advanced-column\">\n<h4 id=\"wp-block-themeisle-blocks-advanced-heading-211efba1\" class=\"wp-block-themeisle-blocks-advanced-heading wp-block-themeisle-blocks-advanced-heading-211efba1\"><strong>* About me *<\/strong><\/h4>\n<\/div>\n<\/div><\/div>\n\n\n\n<div id=\"wp-block-themeisle-blocks-advanced-columns-be71e345\" class=\"wp-block-themeisle-blocks-advanced-columns has-1-columns has-desktop-equal-layout has-tablet-twoColumnGrid-layout has-mobile-collapsedRows-layout has-vertical-top\"><div class=\"wp-block-themeisle-blocks-advanced-columns-overlay\"><\/div><div class=\"innerblocks-wrap\">\n<div id=\"wp-block-themeisle-blocks-advanced-column-e373838a\" class=\"wp-block-themeisle-blocks-advanced-column\">\n<figure class=\"wp-block-image aligncenter size-large is-resized is-style-rounded\"><img loading=\"lazy\" decoding=\"async\" width=\"769\" height=\"1024\" src=\"https:\/\/olivall.pt\/wp-content\/uploads\/2023\/11\/IMG_20230418_114937-2-769x1024.jpg\" alt=\"\" class=\"wp-image-685\" style=\"aspect-ratio:0.994475138121547;width:181px;height:auto\" srcset=\"https:\/\/olivall.pt\/wp-content\/uploads\/2023\/11\/IMG_20230418_114937-2-769x1024.jpg 769w, https:\/\/olivall.pt\/wp-content\/uploads\/2023\/11\/IMG_20230418_114937-2-225x300.jpg 225w, https:\/\/olivall.pt\/wp-content\/uploads\/2023\/11\/IMG_20230418_114937-2-768x1022.jpg 768w, https:\/\/olivall.pt\/wp-content\/uploads\/2023\/11\/IMG_20230418_114937-2-1154x1536.jpg 1154w, https:\/\/olivall.pt\/wp-content\/uploads\/2023\/11\/IMG_20230418_114937-2-1539x2048.jpg 1539w, https:\/\/olivall.pt\/wp-content\/uploads\/2023\/11\/IMG_20230418_114937-2-600x799.jpg 600w, https:\/\/olivall.pt\/wp-content\/uploads\/2023\/11\/IMG_20230418_114937-2.jpg 1846w\" sizes=\"auto, (max-width: 769px) 100vw, 769px\" \/><\/figure>\n\n\n\n<h3 id=\"wp-block-themeisle-blocks-advanced-heading-a0f377e3\" class=\"wp-block-themeisle-blocks-advanced-heading wp-block-themeisle-blocks-advanced-heading-a0f377e3\">Jake Austin<\/h3>\n\n\n\n<p id=\"wp-block-themeisle-blocks-advanced-heading-22009bd8\" class=\"wp-block-themeisle-blocks-advanced-heading wp-block-themeisle-blocks-advanced-heading-22009bd8\"><strong>Founder<\/strong><\/p>\n\n\n\n<p class=\"has-text-align-left\" style=\"padding-top:var(--wp--preset--spacing--50);padding-right:var(--wp--preset--spacing--70);padding-bottom:var(--wp--preset--spacing--50);padding-left:var(--wp--preset--spacing--70);font-size:1.3rem;line-height:1.5\">My name is Filipa Caldeira Nabeiro and I hold a degree in Biotechnological Engineering with a postgraduate degree in Food Innovation from the Universidade Cat\u00f3lica Portuguesa.<br>I started my career at the Sovena Group, working in the Quality &amp; Laboratory department.<br>Afterwards, I joined the quality team at LET, the Institute of Agronomy, and had the privilege of being invited, for several consecutive years, to be part of the official tasting panel of the National Olive Oil Competition of Portugal.<br>I also collaborated on different projects at the multinational company Mondel\u00e9z International, in the areas of\u00a0<em>Regulatory Affairs<\/em>\u00a0e\u00a0<em>Nutritional Communication &amp; Strategy<\/em>.<\/p>\n\n\n\n<p class=\"has-caveat-font-family\" style=\"padding-top:var(--wp--preset--spacing--50);padding-right:var(--wp--preset--spacing--70);padding-bottom:var(--wp--preset--spacing--50);padding-left:var(--wp--preset--spacing--70);font-size:1.9rem;font-style:italic;font-weight:300;line-height:1.5\">This is my latest project and it's definitely been the most challenging one yet.<\/p>\n<\/div>\n<\/div><\/div>\n<\/div>\n<\/div><\/div>\n\n\n\n<p><\/p>\n\n\n\n<div class=\"wp-block-group is-layout-constrained wp-container-core-group-is-layout-10 wp-block-group-is-layout-constrained\">\n<div class=\"wp-block-group is-layout-constrained wp-container-core-group-is-layout-9 wp-block-group-is-layout-constrained\">\n<p style=\"line-height:1.5\"><\/p>\n<\/div>\n<\/div>\n<\/div>\n<\/div>\n\n\n\n<div class=\"wp-block-group br-all__l pt__10 is-layout-constrained wp-container-core-group-is-layout-13 wp-block-group-is-layout-constrained\"><\/div>\n<\/div>\n<\/div>\n<\/div>\n<\/div>\n<\/div>","protected":false},"excerpt":{"rendered":"<p>&#8220;Em terras de vinho tamb\u00e9m se prova azeite.&#8221; Vinhas e oliveiras duas cultivares, milenares, que partilham o mesmo terroir.Os eventos de provas de vinho s\u00e3o muito comuns por todo o pa\u00eds e o azeite \u00e9 digno do mesmo entusiasmo.Em Palmela tamb\u00e9m se prova azeite, enoturismo e oleoturismo, a mostrar o que Portugal tem de melhor. [&hellip;]<\/p>","protected":false},"author":1,"featured_media":0,"parent":0,"menu_order":0,"comment_status":"closed","ping_status":"closed","template":"","meta":{"_themeisle_gutenberg_block_has_review":false,"footnotes":""},"class_list":["post-87","page","type-page","status-publish","hentry"],"_links":{"self":[{"href":"https:\/\/olivall.pt\/en\/wp-json\/wp\/v2\/pages\/87","targetHints":{"allow":["GET"]}}],"collection":[{"href":"https:\/\/olivall.pt\/en\/wp-json\/wp\/v2\/pages"}],"about":[{"href":"https:\/\/olivall.pt\/en\/wp-json\/wp\/v2\/types\/page"}],"author":[{"embeddable":true,"href":"https:\/\/olivall.pt\/en\/wp-json\/wp\/v2\/users\/1"}],"replies":[{"embeddable":true,"href":"https:\/\/olivall.pt\/en\/wp-json\/wp\/v2\/comments?post=87"}],"version-history":[{"count":38,"href":"https:\/\/olivall.pt\/en\/wp-json\/wp\/v2\/pages\/87\/revisions"}],"predecessor-version":[{"id":799,"href":"https:\/\/olivall.pt\/en\/wp-json\/wp\/v2\/pages\/87\/revisions\/799"}],"wp:attachment":[{"href":"https:\/\/olivall.pt\/en\/wp-json\/wp\/v2\/media?parent=87"}],"curies":[{"name":"wp","href":"https:\/\/api.w.org\/{rel}","templated":true}]}}