{"id":69,"date":"2023-03-27T10:29:35","date_gmt":"2023-03-27T10:29:35","guid":{"rendered":"https:\/\/olivall.pt\/?page_id=69"},"modified":"2024-04-15T09:26:17","modified_gmt":"2024-04-15T09:26:17","slug":"complementos","status":"publish","type":"page","link":"https:\/\/olivall.pt\/en\/complementos\/","title":{"rendered":"Contacts"},"content":{"rendered":"<div class=\"wp-block-group is-vertical is-content-justification-center is-layout-flex wp-container-core-group-is-layout-2 wp-block-group-is-layout-flex\" style=\"padding-top:0;padding-right:0;padding-bottom:0;padding-left:0\">\n<p class=\"has-custom-cor-1-color has-text-color has-caveat-font-family\" style=\"font-size:1.7rem;line-height:1.5\">A new experience to be discovered, come to visit  us, we are located in the historical center of Palmela.<\/p>\n\n\n\n<p style=\"font-size:1.1em;line-height:1.5\"><\/p>\n\n\n\n<div class=\"wp-block-group is-vertical is-layout-flex wp-container-core-group-is-layout-1 wp-block-group-is-layout-flex\">\n<p style=\"padding-top:0;padding-bottom:0;font-size:1.3rem\"><strong>Adress:<\/strong><\/p>\n\n\n\n<p style=\"padding-top:0;padding-bottom:0;font-size:1.3rem\">Largo Passo da Formiga n\u00ba 8,<\/p>\n\n\n\n<p style=\"padding-top:0;padding-bottom:0;font-size:1.3rem\">2950-213 Palmela<\/p>\n\n\n\n<p><\/p>\n\n\n\n<p style=\"padding-top:0;padding-bottom:0;font-size:1.3rem\"><strong>Schedule:<\/strong><\/p>\n\n\n\n<p style=\"padding-top:0;padding-bottom:0;font-size:1.3rem\"><strong>Ter\u00e7a a sexta-feira<\/strong> das 10h30 \u00e0s 13h00; 15h00 \u00e0s 18h30 (hor\u00e1rio de Inverno)<\/p>\n\n\n\n<p style=\"padding-top:0;padding-bottom:0;font-size:1.3rem\">                                                                       16h00 \u00e0s 19h00 (hor\u00e1rio de Ver\u00e3o)<\/p>\n\n\n\n<p style=\"padding-top:0;padding-bottom:0;font-size:1.3rem\"><strong>S\u00e1bado<\/strong> das 15h00 \u00e0s 18h00*<\/p>\n\n\n\n<p class=\"has-small-font-size\" style=\"padding-top:0;padding-bottom:0;font-size:1.3rem\">* (Eventos sob reserva poder\u00e3o ter um hor\u00e1rio diferente conforme a programa\u00e7\u00e3o definida e disponibilidade do espa\u00e7o.)<\/p>\n\n\n\n<p><\/p>\n\n\n\n<p style=\"padding-top:0;padding-bottom:0;font-size:1.3rem\">Closed on Sundays and Mondays.<\/p>\n<\/div>\n<\/div>","protected":false},"excerpt":{"rendered":"<p>Venha conhecer-nos, estamos no centro hist\u00f3rico de Palmela. Morada: Largo Passo da Formiga n\u00ba 8, 2950-213 Palmela Hor\u00e1rio: Ter\u00e7a a sexta-feira das 10h30 \u00e0s 13h00; 15h00 \u00e0s 18h30 (hor\u00e1rio de Inverno) 16h00 \u00e0s 19h00 (hor\u00e1rio de Ver\u00e3o) S\u00e1bado das 15h00 \u00e0s 18h00* * (Eventos sob reserva poder\u00e3o ter um hor\u00e1rio diferente conforme a programa\u00e7\u00e3o definida [&hellip;]<\/p>","protected":false},"author":1,"featured_media":0,"parent":0,"menu_order":0,"comment_status":"closed","ping_status":"closed","template":"","meta":{"_themeisle_gutenberg_block_has_review":false,"footnotes":""},"class_list":["post-69","page","type-page","status-publish","hentry"],"_links":{"self":[{"href":"https:\/\/olivall.pt\/en\/wp-json\/wp\/v2\/pages\/69","targetHints":{"allow":["GET"]}}],"collection":[{"href":"https:\/\/olivall.pt\/en\/wp-json\/wp\/v2\/pages"}],"about":[{"href":"https:\/\/olivall.pt\/en\/wp-json\/wp\/v2\/types\/page"}],"author":[{"embeddable":true,"href":"https:\/\/olivall.pt\/en\/wp-json\/wp\/v2\/users\/1"}],"replies":[{"embeddable":true,"href":"https:\/\/olivall.pt\/en\/wp-json\/wp\/v2\/comments?post=69"}],"version-history":[{"count":11,"href":"https:\/\/olivall.pt\/en\/wp-json\/wp\/v2\/pages\/69\/revisions"}],"predecessor-version":[{"id":820,"href":"https:\/\/olivall.pt\/en\/wp-json\/wp\/v2\/pages\/69\/revisions\/820"}],"wp:attachment":[{"href":"https:\/\/olivall.pt\/en\/wp-json\/wp\/v2\/media?parent=69"}],"curies":[{"name":"wp","href":"https:\/\/api.w.org\/{rel}","templated":true}]}}