{"id":313,"date":"2023-04-28T08:46:11","date_gmt":"2023-04-28T08:46:11","guid":{"rendered":"https:\/\/olivall.pt\/?page_id=313"},"modified":"2026-01-06T22:11:17","modified_gmt":"2026-01-06T22:11:17","slug":"visitas-com-sabor","status":"publish","type":"page","link":"https:\/\/olivall.pt\/en\/visitas-com-sabor\/","title":{"rendered":"Visit Programs"},"content":{"rendered":"<div class=\"wp-block-cover\"><span aria-hidden=\"true\" class=\"wp-block-cover__background has-background-dim\"><\/span><img loading=\"lazy\" decoding=\"async\" width=\"1024\" height=\"491\" class=\"wp-block-cover__image-background wp-image-770\" alt=\"\" src=\"https:\/\/olivall.pt\/wp-content\/uploads\/2024\/02\/Tabua-de-cozinha-1024x491.jpg\" data-object-fit=\"cover\" srcset=\"https:\/\/olivall.pt\/wp-content\/uploads\/2024\/02\/Tabua-de-cozinha-1024x491.jpg 1024w, https:\/\/olivall.pt\/wp-content\/uploads\/2024\/02\/Tabua-de-cozinha-300x144.jpg 300w, https:\/\/olivall.pt\/wp-content\/uploads\/2024\/02\/Tabua-de-cozinha-768x368.jpg 768w, https:\/\/olivall.pt\/wp-content\/uploads\/2024\/02\/Tabua-de-cozinha-1536x737.jpg 1536w, https:\/\/olivall.pt\/wp-content\/uploads\/2024\/02\/Tabua-de-cozinha-2048x982.jpg 2048w, https:\/\/olivall.pt\/wp-content\/uploads\/2024\/02\/Tabua-de-cozinha-600x288.jpg 600w\" sizes=\"auto, (max-width: 1024px) 100vw, 1024px\" \/><div class=\"wp-block-cover__inner-container is-layout-flow wp-block-cover-is-layout-flow\">\n<h2 class=\"wp-block-heading has-text-align-center has-large-font-size\"><strong>Olive Oil Tasting... a Journey for your Senses<\/strong><\/h2>\n<\/div><\/div>\n\n\n\n<h5 id=\"wp-block-themeisle-blocks-advanced-heading-4f7d265e\" class=\"wp-block-themeisle-blocks-advanced-heading wp-block-themeisle-blocks-advanced-heading-4f7d265e\"><strong>Um lanche ou um almo\u00e7o tardio, que se quer ligeiro&#8230;<\/strong><\/h5>\n\n\n\n<p class=\"has-custom-cor-1-color has-text-color has-link-color wp-elements-6a6b5cefd2f018415a8e8ecf4c0332aa\" style=\"padding-top:var(--wp--preset--spacing--50);padding-right:var(--wp--preset--spacing--80);padding-bottom:var(--wp--preset--spacing--50);padding-left:var(--wp--preset--spacing--80);font-size:1.3rem;font-style:normal;font-weight:400;line-height:1.6\"><strong>Superior Olive Oil Tasting<\/strong><br>Tasting of 4 extra virgin olive oils. Discover a selection of single varieties and small exclusive blends from different producing regions. <br>Guided tasting with insightful commentary on aromas and flavors. <br>Olive oil tasting paired with bread, cheese and regional products board.<br>Enjoy the richness of flavors and freshness of Portuguese olive oil! <br><strong>Helpful information<\/strong><br><strong>Price:<\/strong> 27 \u20ac por pessoa (crian\u00e7as &lt; 12 anos -10 \u20ac)<br><strong>Number of participants: <\/strong>2 to 10 people<br><strong>Duration:<\/strong> 90 min. aprox.<br><strong>Schedule:<\/strong><br>Ter\u00e7a a sexta-feira das 10h30 &#8211; 13h00 e 15h30 &#8211; 19h00; <br>S\u00e1bado das 15h00 &#8211; 18h00 <br><\/p>\n\n\n\n<p class=\"has-custom-cor-1-color has-text-color has-link-color wp-elements-1f5bf05a4baca2ee28ba9c24182fcf3f\" style=\"padding-top:var(--wp--preset--spacing--50);padding-right:var(--wp--preset--spacing--80);padding-bottom:var(--wp--preset--spacing--50);padding-left:var(--wp--preset--spacing--80);font-size:1rem;font-style:normal;font-weight:400;line-height:1.6\">* As provas poder\u00e3o realizar-se noutro hor\u00e1rio mediante marca\u00e7\u00e3o e disponibilidade do espa\u00e7o<br><\/p>\n\n\n\n<div class=\"wp-block-buttons alignwide has-custom-font-size has-normal-font-size is-layout-flex wp-block-buttons-is-layout-flex\" style=\"margin-top:0;margin-bottom:0\">\n<div class=\"wp-block-button has-custom-font-size is-style-fill has-normal-font-size\" style=\"font-style:normal;font-weight:500\"><a class=\"wp-block-button__link has-background wp-element-button\" href=\"https:\/\/olivall.pt\/en\/?page_id=99\" style=\"background-color:#9bb07a\">Booking<\/a><\/div>\n<\/div>\n\n\n\n<p><\/p>\n\n\n\n<p style=\"padding-top:var(--wp--preset--spacing--50);padding-right:var(--wp--preset--spacing--80);padding-bottom:var(--wp--preset--spacing--50);padding-left:var(--wp--preset--spacing--80);font-size:1.3rem;font-style:normal;font-weight:400;line-height:1.6\"><strong>Tasting of 3 Extra Virgin <\/strong> <strong>Olive Oils<\/strong><br>Includes a selection from different varieties and producing regions. <br>Guided tasting with insightful commentary on aromas and flavors. <br>Degusta\u00e7\u00e3o do azeite combinado com p\u00e3o, ma\u00e7\u00e3, tostas, nas variantes com ervas e vinagre bals\u00e2mico.<\/p>\n\n\n\n<p><strong>Price:<\/strong> 12,5 \u20ac por pessoa (crian\u00e7as &lt; 12 anos &#8211; 5 \u20ac)<\/p>\n\n\n\n<p><strong>Booking not required.<\/strong><\/p>\n\n\n\n<p><\/p>\n\n\n\n<div class=\"wp-block-columns is-layout-flex wp-container-core-columns-is-layout-1 wp-block-columns-is-layout-flex\" style=\"padding-top:var(--wp--preset--spacing--60);padding-right:0;padding-bottom:var(--wp--preset--spacing--60);padding-left:0;font-size:0.9em;font-style:normal;font-weight:400\">\n<div class=\"wp-block-column is-layout-flow wp-block-column-is-layout-flow\" style=\"flex-basis:60%\"><\/div>\n<\/div>\n\n\n\n<p><\/p>\n\n\n\n<p><\/p>","protected":false},"excerpt":{"rendered":"<p>Prova Superior de AzeiteApresenta\u00e7\u00e3o de 4 azeites virgem extra premium. Experimente uma sele\u00e7\u00e3o de monovarietais e blends exclusivos de diferentes variedades e regi\u00f5es produtoras. Prova comentada com detalhe de notas de prova, aromas e sabores. Degusta\u00e7\u00e3o do azeite combinado com p\u00e3o, t\u00e1bua de queijo e outros ingredientes regionais e sazonais.A nossa proposta \u00e9 que retire [&hellip;]<\/p>","protected":false},"author":1,"featured_media":0,"parent":0,"menu_order":0,"comment_status":"closed","ping_status":"closed","template":"","meta":{"_themeisle_gutenberg_block_has_review":false,"footnotes":""},"class_list":["post-313","page","type-page","status-publish","hentry"],"_links":{"self":[{"href":"https:\/\/olivall.pt\/en\/wp-json\/wp\/v2\/pages\/313","targetHints":{"allow":["GET"]}}],"collection":[{"href":"https:\/\/olivall.pt\/en\/wp-json\/wp\/v2\/pages"}],"about":[{"href":"https:\/\/olivall.pt\/en\/wp-json\/wp\/v2\/types\/page"}],"author":[{"embeddable":true,"href":"https:\/\/olivall.pt\/en\/wp-json\/wp\/v2\/users\/1"}],"replies":[{"embeddable":true,"href":"https:\/\/olivall.pt\/en\/wp-json\/wp\/v2\/comments?post=313"}],"version-history":[{"count":39,"href":"https:\/\/olivall.pt\/en\/wp-json\/wp\/v2\/pages\/313\/revisions"}],"predecessor-version":[{"id":830,"href":"https:\/\/olivall.pt\/en\/wp-json\/wp\/v2\/pages\/313\/revisions\/830"}],"wp:attachment":[{"href":"https:\/\/olivall.pt\/en\/wp-json\/wp\/v2\/media?parent=313"}],"curies":[{"name":"wp","href":"https:\/\/api.w.org\/{rel}","templated":true}]}}